{"id":163,"date":"2012-11-06T09:47:35","date_gmt":"2012-11-06T12:47:35","guid":{"rendered":"http:\/\/www.germain.cl\/?page_id=163"},"modified":"2013-02-03T13:39:47","modified_gmt":"2013-02-03T16:39:47","slug":"aplicaciones-para-smartphones","status":"publish","type":"page","link":"http:\/\/www.germain.cl\/?page_id=163","title":{"rendered":"Aplicaciones para Smartphones"},"content":{"rendered":"<p><strong>Alerta de periodo<\/strong><br \/>\n<img loading=\"lazy\" decoding=\"async\" src=\"http:\/\/a1052.phobos.apple.com\/us\/r1000\/104\/Purple\/v4\/e2\/f7\/98\/e2f7987c-3efe-f863-cbb9-386320696424\/mzl.uboqwsvz.320x480-75.jpg\" width=\"280\" height=\"480\" class=\"alignnone\" \/><br \/>\nPeriod tracker te permitir\u00e1 llevar un control de tu ciclo menstrual de manera sencilla. La aplicaci\u00f3n te indicar\u00e1 cu\u00e1les son tus d\u00edas f\u00e9rtiles a partir de la fecha de inicio de tu \u00faltimo ciclo y tambi\u00e9n te avisar\u00e1 cu\u00e1ndo debiera llevar el siguiente. Adem\u00e1s, podr\u00e1s indicar los s\u00edntomas tanto f\u00edsicos como an\u00edmicos tan caracter\u00edsticos del SPM.<\/p>\n<p><strong>Descarga para <a href=\"https:\/\/itunes.apple.com\/es\/app\/alerta-periodo-period-tracker\/id289084315?mt=8\">iPhone<\/a> y <a href=\"https:\/\/play.google.com\/store\/apps\/details?id=com.period.tracker.lite&#038;feature=search_result#?t=W251bGwsMSwxLDEsImNvbS5wZXJpb2QudHJhY2tlci5saXRlIl0.\">Android<\/a><\/strong><\/p>\n<p><strong>Contraction timer<\/strong><br \/>\n<img loading=\"lazy\" decoding=\"async\" src=\"https:\/\/lh6.ggpht.com\/nIuCanSjlnFZzWail62joUcsopcTOpaQ-DFXHHguCgleZPpghhPXXmMmqSscB3-7BA=h230\" width=\"138\" height=\"230\" class=\"aligncenter\" \/><br \/>\nLleva un conteo de tus contracciones, su frecuencia e intensidad.<br \/>\n<strong><a href=\"https:\/\/play.google.com\/store\/apps\/details?id=com.jamesots.android.contractiontimer&#038;feature=search_result#?t=W251bGwsMSwxLDEsImNvbS5qYW1lc290cy5hbmRyb2lkLmNvbnRyYWN0aW9udGltZXIiXQ..\" target=\"_blank\">Descarga gratis para Android<\/a><\/strong><\/p>\n<p><strong>Contraction Monitor<\/strong><br \/>\n<img loading=\"lazy\" decoding=\"async\" src=\"http:\/\/a129.phobos.apple.com\/us\/r1000\/075\/Purple\/v4\/96\/aa\/74\/96aa7433-21ae-3a57-7f6f-76ef7e360628\/mzl.lueltljw.320x480-75.jpg\" width=\"270\" height=\"480\" class=\"alignnone\" \/><br \/>\nPermite llevar un control sobre la frecuencia de las contracciones y hacer anotaciones que describan cada una de ellas. Adem\u00e1s, puedes compartir la informaci\u00f3n a trav\u00e9s de correo electr\u00f3nico con tu doctor.<\/p>\n<p><strong><a href=\"https:\/\/itunes.apple.com\/es\/app\/contraction-monitor-contractions\/id463146126?mt=8\" target=\"_blank\">Desc\u00e1rgala gratis para iPhone e iPad<\/a><\/strong><\/p>\n<p><\/a><strong>Mi embarazo d\u00eda a d\u00eda<\/strong><br \/>\n<img loading=\"lazy\" decoding=\"async\" alt=\"\" src=\"http:\/\/a1769.phobos.apple.com\/us\/r1000\/082\/Purple\/v4\/c8\/3c\/9f\/c83c9fd1-ca54-d22b-a4d5-2bcfb1bc189a\/mzl.dcvttrfu.320x480-75.jpg\" title=\"Mi embarazo d\u00eda a d\u00eda permite hacer un seguimiento de los nueve meses de gestaci\u00f3n\" class=\"aligncenter\" width=\"480\" height=\"320\" \/><\/p>\n<p>A partir de tu fecha de parto pronosticada, la aplicaci\u00f3n otorga informaci\u00f3n diaria del progreso del embarazo, como el crecimiento del beb\u00e9 semana a semana, metas diarias a cumplir para tener buena salud, calculadora de fecha de parto, gu\u00eda de nutrici\u00f3n, videos y una cuenta regresiva para el gran d\u00eda del nacimiento.<\/p>\n<p>Descarga gratis para <strong><a href=\"https:\/\/itunes.apple.com\/es\/app\/babycenter-my-pregnancy-today\/id386022579?mt=8 \" target=\"_blank\">iPhone<\/a><\/strong> y <strong><a href=\"https:\/\/play.google.com\/store\/apps\/details?id=com.babycenter.pregnancytracker&#038;hl=es_419\" target=\"_blank\">Android<\/a><\/strong><\/p>\n<p><strong>I\u2019m Expecting<\/strong><br \/>\n<img loading=\"lazy\" decoding=\"async\" alt=\"\" src=\"http:\/\/a1733.phobos.apple.com\/us\/r1000\/088\/Purple\/v4\/08\/33\/da\/0833dae5-39fe-72a7-0bcf-5aa1cc55e21c\/mzl.uikxwqfu.320x480-75.jpg\" title=\"I&#039;m expecting es una aplicaci\u00f3n disponible para iPhone y Android\" class=\"aligncenter\" width=\"320\" height=\"480\" \/><\/p>\n<p>Esta aplicaci\u00f3n te permite hacer un seguimiento de tus s\u00edntomas, compartirlos con tu doctor y compararlo con otras mam\u00e1s. Da tips para aliviar nauseas, fatiga y otros signos del embarazo.  Tambi\u00e9n hace una proyecci\u00f3n semanal del crecimiento de tu hijo (a), te permite subir fotos y m\u00e1s. <\/p>\n<p>Descarga gratis para <strong><a href=\"https:\/\/itunes.apple.com\/es\/app\/im-expecting-pregnancy-app\/id383565674?mt=8 \" target=\"_blank\">iPhone<\/a><\/strong> y <strong><a href=\"https:\/\/play.google.com\/store\/apps\/details?id=org.medhelp.iamexpecting&#038;feature=search_result#?t=W251bGwsMSwxLDEsIm9yZy5tZWRoZWxwLmlhbWV4cGVjdGluZyJd\" target=\"_blank\">Android<\/a><\/strong><\/p>\n<p><strong>Pregnancy weight calculator<\/strong><br \/>\n<img loading=\"lazy\" decoding=\"async\" alt=\"\" src=\"http:\/\/a1037.phobos.apple.com\/us\/r1000\/074\/Purple\/v4\/cd\/4c\/d1\/cd4cd181-9e3f-f1f7-8646-06a05dbcff81\/mza_7192124536110865574.320x480-75.jpg\" title=\"Pregnancy Weight Tracker &#038; Weight Gain\" class=\"aligncenter\" width=\"320\" height=\"480\" \/><\/p>\n<p>Esta aplicaci\u00f3n ayuda a mantenerse en el peso adecuado durante los nueve meses de embarazo, ayuda a determinar cu\u00e1nto se debe ganar a partir del c\u00e1lculo del \u00edndice de masa corporal. Tambi\u00e9n permite hace un seguimiento de los cambios de peso para mantener un embarazo saludable.<\/p>\n<p>Descarga gratis para <strong><a href=\"https:\/\/itunes.apple.com\/es\/app\/pregnancy-weight-gain-calculator\/id489585622?mt=8\" target=\"_blank\">iPhone<\/a><\/strong> y <strong><a href=\"https:\/\/play.google.com\/store\/apps\/details?id=com.surebaby.weightgain&#038;feature=search_result#?t=W251bGwsMSwxLDEsImNvbS5zdXJlYmFieS53ZWlnaHRnYWluIl0\" target=\"_blank\">Android<\/a><\/strong><\/p>\n<!-- AddThis Advanced Settings generic via filter on the_content --><!-- AddThis Share Buttons generic via filter on the_content -->","protected":false},"excerpt":{"rendered":"<p>Alerta de periodo Period tracker te permitir\u00e1 llevar un control de tu ciclo menstrual de manera sencilla. La aplicaci\u00f3n te indicar\u00e1 cu\u00e1les son tus d\u00edas f\u00e9rtiles a partir de la fecha de inicio de tu \u00faltimo ciclo y tambi\u00e9n te avisar\u00e1 cu\u00e1ndo debiera llevar el siguiente. Adem\u00e1s, podr\u00e1s indicar los s\u00edntomas tanto f\u00edsicos como an\u00edmicos<\/p>\n<div class=\"more-link\">\n\t\t\t\t <a href=\"http:\/\/www.germain.cl\/?page_id=163\" class=\"link-btn theme-btn\"><span>Read More <\/span> <i class=\"fa fa-caret-right\"><\/i><\/a>\n\t\t\t<\/div>\n<p><!-- AddThis Advanced Settings generic via filter on get_the_excerpt --><!-- AddThis Share Buttons generic via filter on get_the_excerpt --><\/p>\n","protected":false},"author":4,"featured_media":0,"parent":0,"menu_order":0,"comment_status":"open","ping_status":"open","template":"","meta":{"jetpack_post_was_ever_published":false,"footnotes":""},"class_list":["post-163","page","type-page","status-publish","hentry"],"jetpack_sharing_enabled":true,"jetpack_shortlink":"https:\/\/wp.me\/P25f0v-2D","_links":{"self":[{"href":"http:\/\/www.germain.cl\/index.php?rest_route=\/wp\/v2\/pages\/163"}],"collection":[{"href":"http:\/\/www.germain.cl\/index.php?rest_route=\/wp\/v2\/pages"}],"about":[{"href":"http:\/\/www.germain.cl\/index.php?rest_route=\/wp\/v2\/types\/page"}],"author":[{"embeddable":true,"href":"http:\/\/www.germain.cl\/index.php?rest_route=\/wp\/v2\/users\/4"}],"replies":[{"embeddable":true,"href":"http:\/\/www.germain.cl\/index.php?rest_route=%2Fwp%2Fv2%2Fcomments&post=163"}],"version-history":[{"count":28,"href":"http:\/\/www.germain.cl\/index.php?rest_route=\/wp\/v2\/pages\/163\/revisions"}],"predecessor-version":[{"id":303,"href":"http:\/\/www.germain.cl\/index.php?rest_route=\/wp\/v2\/pages\/163\/revisions\/303"}],"wp:attachment":[{"href":"http:\/\/www.germain.cl\/index.php?rest_route=%2Fwp%2Fv2%2Fmedia&parent=163"}],"curies":[{"name":"wp","href":"https:\/\/api.w.org\/{rel}","templated":true}]}}