{"id":177,"date":"2012-11-06T10:04:31","date_gmt":"2012-11-06T13:04:31","guid":{"rendered":"http:\/\/www.germain.cl\/?page_id=177"},"modified":"2012-11-06T10:04:31","modified_gmt":"2012-11-06T13:04:31","slug":"etapas-del-embarazo","status":"publish","type":"page","link":"http:\/\/www.germain.cl\/?page_id=177","title":{"rendered":"Etapas del embarazo"},"content":{"rendered":"<h2>Primer trimestre (Semana 1 a Semana 12)<\/h2>\n<p>Durante el primer trimestre su cuerpo experimenta muchos cambios. Los cambios hormonales afectan a casi todos los \u00f3rganos del cuerpo. Estos cambios pueden desencadenar s\u00edntomas, incluso durante las primeras semanas de embarazo. La ausencia del per\u00edodo menstrual es una se\u00f1al clara de que est\u00e1 embarazada. Otros cambios posibles son:<\/p>\n<ul>\n<li>Cansancio extremo<\/li>\n<li>Hinchaz\u00f3n y sensibilidad de los senos, tambi\u00e9n es posible que tenga los pezones prominentes<\/li>\n<li>Dolor de est\u00f3mago, con o sin v\u00f3mitos (n\u00e1useas matutinas)<\/li>\n<li>Antojos o rechazo por ciertos alimentos<\/li>\n<li>Cambios de humor<\/li>\n<li>Estre\u00f1imiento (dificultad para tener movimientos intestinales)<\/li>\n<li>Necesidad de orinar m\u00e1s a menudo<\/li>\n<li>Dolor de cabeza<\/li>\n<li>Acidez<\/li>\n<li>P\u00e9rdida o aumento de peso<\/li>\n<\/ul>\n<blockquote><p>Para algunas mujeres, la imagen corporal constituye una gran preocupaci\u00f3n durante el embarazo. Aprenda qu\u00e9 puede hacer para aceptar y querer su cuerpo de embarazada en nuestra secci\u00f3n Embarazo e imagen corporal (en ingl\u00e9s).<br \/>\nDurante el primer trimestre su cuerpo experimenta muchos cambios. Los cambios hormonales afectan a casi todos los \u00f3rganos del cuerpo. Estos cambios pueden desencadenar s\u00edntomas, incluso durante las primeras semanas de embarazo. La ausencia del per\u00edodo menstrual es una se\u00f1al clara de que est\u00e1 embarazada. Otros cambios posibles son:<\/p><\/blockquote>\n<p>A medida que su cuerpo cambia, quiz\u00e1s tenga que cambiar su rutina diaria, como acostarse m\u00e1s temprano o comer varias comidas peque\u00f1as. Afortunadamente, la mayor\u00eda de estas molestias desaparecen a medida que avanza el embarazo. \u00a1Y algunas mujeres ni siquiera sienten molestia! Si ya estuvo embarazada, quiz\u00e1s se sienta diferente esta vez. As\u00ed como cada mujer es diferente, tambi\u00e9n son diferentes los embarazos.<\/p>\n<h2>Segundo trimestre (Semana 13 a Semana 28)<\/h2>\n<p>Para la mayor\u00eda de las mujeres, el segundo trimestre del embarazo es m\u00e1s llevadero que el primero. Pero es igualmente importante mantenerse informada acerca de su embarazo durante estos meses.<\/p>\n<p>Quiz\u00e1s note que s\u00edntomas como las n\u00e1useas y la fatiga desaparecen. Pero ahora se producen otros cambios nuevos y m\u00e1s notorios en su cuerpo. Su abdomen aumentar\u00e1 a medida que el beb\u00e9 siga creciendo. Y antes de que termine este trimestre, \u00a1sentir\u00e1 que el beb\u00e9 comienza a moverse!<\/p>\n<p>A medida que su cuerpo cambie para adaptarse al beb\u00e9, usted podr\u00e1 presentar:<\/p>\n<ul>\n<li>Dolores corporales, como dolor de espalda, de abdomen, en la ingle o en los muslos<\/li>\n<li>Estr\u00edas en el abdomen, pechos, muslos o nalgas<\/li>\n<li>Oscurecimiento de la piel alrededor de los pezones<\/li>\n<li>Una l\u00ednea en la piel, entre el ombligo y el nacimiento del vello p\u00fabico<\/li>\n<li>Parches de piel m\u00e1s oscura, generalmente sobre las mejillas, la frente, la nariz o el labio superior. Los parches a menudo son iguales en ambos lados de la cara. Esto a veces se denomina la m\u00e1scara del embarazo.<\/li>\n<li>Adormecimiento u hormigueo en las manos, llamado s\u00edndrome del t\u00fanel carpiano.<\/li>\n<li>Picaz\u00f3n en el abdomen, las palmas de las manos y las plantas de los pies. (Llame a su m\u00e9dico si tiene n\u00e1useas, p\u00e9rdida de apetito, v\u00f3mitos, ictericia o fatiga combinada con picaz\u00f3n. Esos pueden ser se\u00f1ales de un problema hep\u00e1tico grave.)<\/li>\n<li>Hinchaz\u00f3n de los tobillos, los dedos y la cara. (Si observa hinchaz\u00f3n repentina o extrema, o si aumenta mucho de peso muy r\u00e1pidamente, llame a su m\u00e9dico inmediatamente. Eso podr\u00eda ser una se\u00f1al de preeclampsia.)<\/li>\n<\/ul>\n<h2>Tercer trimestre (Semana 29 a Semana 40)<\/h2>\n<p>\u00a1Est\u00e1 en la recta final! Algunas de las molestias que tuvo durante el segundo trimestre van a continuar. Adem\u00e1s, muchas mujeres tienen dificultades para respirar y notan que tienen que ir al ba\u00f1o incluso con m\u00e1s frecuencia. Esto se debe a que el beb\u00e9 est\u00e1 creciendo y ejerce m\u00e1s presi\u00f3n sobre sus \u00f3rganos. No se preocupe, su beb\u00e9 est\u00e1 bien y esos problemas disminuir\u00e1n una vez que d\u00e9 a luz.<\/p>\n<p>Algunos cambios nuevos en el cuerpo que quiz\u00e1s note durante el tercer trimestre son:<\/p>\n<ul>\n<li>Falta de aire<\/li>\n<li>Acidez<\/li>\n<li>Hinchaz\u00f3n de los tobillos, los dedos y la cara. (Si observa hinchaz\u00f3n repentina o extrema, o si aumenta mucho de peso muy r\u00e1pidamente, llame a su m\u00e9dico inmediatamente. Eso podr\u00eda ser una se\u00f1al de preeclampsia).<\/li>\n<li>Hemorroides<\/li>\n<li>Senos sensibles, que pueden dejar escapar una sustancia acuosa que se elimina antes de producirse la leche, llamada calostro<\/li>\n<li>El ombligo puede protruir hacia afuera<\/li>\n<li>Problemas para dormir<\/li>\n<li>El beb\u00e9 &#8220;cae&#8221; o se mueve hacia la parte baja del abdomen<\/li>\n<li>Contracciones, que pueden ser una se\u00f1al del trabajo de parto verdadera o falsa<\/li>\n<\/ul>\n<p>A medida que se acerca a la fecha de parto, el cuello uterino se vuelve m\u00e1s blando y delgado (lo que se denomina ablandamiento). Este es un proceso normal y natural que ayuda al canal del parto (vagina) a abrirse durante el proceso de parto. Su m\u00e9dico comprobar\u00e1 su progreso con un examen vaginal a medida que se acerca la fecha de parto. Emoci\u00f3nese&#8230; \u00a1Empez\u00f3 la cuenta regresiva!<\/p>\n<!-- AddThis Advanced Settings generic via filter on the_content --><!-- AddThis Share Buttons generic via filter on the_content -->","protected":false},"excerpt":{"rendered":"<p>Primer trimestre (Semana 1 a Semana 12) Durante el primer trimestre su cuerpo experimenta muchos cambios. Los cambios hormonales afectan a casi todos los \u00f3rganos del cuerpo. Estos cambios pueden desencadenar s\u00edntomas, incluso durante las primeras semanas de embarazo. La ausencia del per\u00edodo menstrual es una se\u00f1al clara de que est\u00e1 embarazada. Otros cambios posibles<\/p>\n<div class=\"more-link\">\n\t\t\t\t <a href=\"http:\/\/www.germain.cl\/?page_id=177\" class=\"link-btn theme-btn\"><span>Read More <\/span> <i class=\"fa fa-caret-right\"><\/i><\/a>\n\t\t\t<\/div>\n<p><!-- AddThis Advanced Settings generic via filter on get_the_excerpt --><!-- AddThis Share Buttons generic via filter on get_the_excerpt --><\/p>\n","protected":false},"author":4,"featured_media":0,"parent":0,"menu_order":0,"comment_status":"open","ping_status":"open","template":"","meta":{"jetpack_post_was_ever_published":false,"footnotes":""},"class_list":["post-177","page","type-page","status-publish","hentry"],"jetpack_sharing_enabled":true,"jetpack_shortlink":"https:\/\/wp.me\/P25f0v-2R","_links":{"self":[{"href":"http:\/\/www.germain.cl\/index.php?rest_route=\/wp\/v2\/pages\/177"}],"collection":[{"href":"http:\/\/www.germain.cl\/index.php?rest_route=\/wp\/v2\/pages"}],"about":[{"href":"http:\/\/www.germain.cl\/index.php?rest_route=\/wp\/v2\/types\/page"}],"author":[{"embeddable":true,"href":"http:\/\/www.germain.cl\/index.php?rest_route=\/wp\/v2\/users\/4"}],"replies":[{"embeddable":true,"href":"http:\/\/www.germain.cl\/index.php?rest_route=%2Fwp%2Fv2%2Fcomments&post=177"}],"version-history":[{"count":2,"href":"http:\/\/www.germain.cl\/index.php?rest_route=\/wp\/v2\/pages\/177\/revisions"}],"predecessor-version":[{"id":236,"href":"http:\/\/www.germain.cl\/index.php?rest_route=\/wp\/v2\/pages\/177\/revisions\/236"}],"wp:attachment":[{"href":"http:\/\/www.germain.cl\/index.php?rest_route=%2Fwp%2Fv2%2Fmedia&parent=177"}],"curies":[{"name":"wp","href":"https:\/\/api.w.org\/{rel}","templated":true}]}}