{"id":6,"date":"2012-07-22T16:47:54","date_gmt":"2012-07-22T20:47:54","guid":{"rendered":"http:\/\/www.germain.cl\/?page_id=6"},"modified":"2013-01-29T23:38:08","modified_gmt":"2013-01-30T02:38:08","slug":"embarazos-de-alta-complejidad","status":"publish","type":"page","link":"http:\/\/www.germain.cl\/?page_id=6","title":{"rendered":"Embarazos  de alta complejidad"},"content":{"rendered":"<p>Si bien el embarazo y el parto son acontecimientos biol\u00f3gicamente normales para toda mujer, existen ciertas condiciones que podr\u00edan convertir un embarazo normal en uno de mayor complejidad, tanto para la madre como para el beb\u00e9. Afortunadamente estos problemas no son muy frecuentes y no afectan a m\u00e1s del 10% del total de los embarazos.<\/p>\n<p>Hoy es posible dise\u00f1ar estrategias que permiten reducir y controlar el riesgo de este tipo de problemas. Ante la eventualidad de que el embarazo sea considerado de alto riesgo, \u00e9ste deber\u00e1 ser rigurosamente controlado.<\/p>\n<h2>1. Malformaciones fetales<\/h2>\n<p>A pesar de que son poco comunes, es dif\u00edcil determinar sus causas, pueden deberse a infecciones, exposici\u00f3n a radiaci\u00f3n, diabetes mal controlada, enferemedades gen\u00e9ticas hereditarias, o lo m\u00e1s frecuente que se trate de condiciones espor\u00e1dicas.<\/p>\n<p>El examen de ultrasonido realizado entre la 11 y 14 semanas de gestaci\u00f3n es \u00fatil en la sospecha de estas condiciones.<\/p>\n<p>Si se confirma una malformaci\u00f3n fetal, existen 2 aspectos importantes a considerar: el control del embarazo y el consejo del equipo m\u00e9dico es fundamental.<\/p>\n<p>Recientes investigaciones se\u00f1alan que alguna de estas anormalidades pueden ser reducidas con un suplemento de \u00e1cido f\u00f3lico.<\/p>\n<h2>2. Parto prematuro<\/h2>\n<p>Se presenta entre las 22 y 37 semanas de embarazo, cuando el feto a\u00fan no completa la maduraci\u00f3n de todos sus \u00f3rganos. Entre un 5 y 10% de los embarazos presentan esta complicaci\u00f3n.<\/p>\n<p>Se divide en tres: parto sin causa conocida; resultante de la rotura prematura de membrenas ovulares y m\u00e9dico.<br \/>\nPara evitarlos hay que aplicar estrategias de prevenci\u00f3n como disminuci\u00f3n de la actividad f\u00edsica, contacto frecuente con su personal m\u00e9dico y un tratamiento de patolog\u00edas asociadas a mayor riesgo de parto prematuro.<\/p>\n<p><a href='http:\/\/www.germain.cl\/wp-content\/uploads\/2012\/12\/partoprematurominsal.pdf'>Lee el documento sobre la prevenci\u00f3n del parto prematuro del Minsal<\/a><\/p>\n<h2>3. Rotura de membranas<\/h2>\n<p>Se regiere a la rotura prematura de las membranas ovulares (RPM) o bolsa de agua, con la consecuente salida de l\u00edquido amni\u00f3tico previo al inicio del trabajo de parto. esta condici\u00f3n ocurre en el 10% de los embarazos y el 80% de los casos ocurre en embarazos de m\u00e1s de 37 semanas (t\u00e9rmino).<\/p>\n<p>Los factores de riesgo m\u00e1s importantes son: antecedentes de parto prematuro, consumo de cigarrillo y sangrado vaginal durante el segundo y tercer trimestre del embarazo.<\/p>\n<h2>4. Trombofilias<\/h2>\n<p>Son un grupo heterog\u00e9neo de condiciones asociadas a un mayor riesgo de aparici\u00f3n de trombosis (oclusi\u00f3n del vaso sanguineo por un co\u00e1gulo) arteriales y\/o venosas.<\/p>\n<p>Se clasifican en hereditarias o cong\u00e9nitas. Su diagn\u00f3stico no es simple, ya que requiere de la disponibilidad de un laboratorio especializado, sin dejar de mencionar el costo de los ex\u00e1menes.<\/p>\n<p>Hoy no se consideran una enfermedad propiamente tal, sino que se piensa en ellas como un factor de riesgo.<\/p>\n<p><a title=\"PDF con m\u00e1s detalles sobre trombolfilias\" href=\"http:\/\/www.germain.cl\/wp-content\/uploads\/2012\/07\/13-Trombofilias.pdf\" target=\"_blank\">M\u00e1s detalles sobre trombofilias<\/a><\/p>\n<p><a href='http:\/\/www.germain.cl\/wp-content\/uploads\/2012\/12\/15-Trombofilias-congenitas.pdf'>Lee m\u00e1s sobre las Trombofilias Cong\u00e9nitas<\/a> <\/p>\n<h2>5. Aborto espont\u00e1neo<\/h2>\n<p>Es la terminaci\u00f3n espont\u00e1nea de un embarazo, antes de las 20 semanas de gestaci\u00f3n, y tambi\u00e9n es conocido como: &#8220;p\u00e9rdida&#8221;.<\/p>\n<p>Se trata de una complicaci\u00f3n f\u00edsica y emocionalmente intensa para las embarazadas, pues cuando termina una gestaci\u00f3n abruptamente, se generan sentimientos de tristeza y deseperanza. Y un 20% de todos los embarazos terminan en aborto espont\u00e1neo.<\/p>\n<p>Si sufre un aborto espont\u00e1neo es improbable que ud. haya hecho algo para causarlo, y existe una alta probabilidad de que pueda tener un beb\u00e9 sano y sin problemas la pr\u00f3xima vez que trate de quedar embarazada.<br \/>\nUn aborto espont\u00e1neo, generalmente, no pone en peligro la salud de la madre, a menos que sea incompleto.<\/p>\n<h2>6. Muerte fetal in \u00fatero (\u00f3bito fetal)<\/h2>\n<p>Se define as\u00ed a la muerte de un feto mayor de 20 semanas de gestaci\u00f3n. O cuyo peso sea mayor de 350 grs. que nace sin signos vitales y que no responde a maniobras de resucitaci\u00f3n.<\/p>\n<p>Este problema en Chile, no es tan raro, se registran entre 4,9 y 5,5 por mil nacidos vivos.<br \/>\nTiene tres causas: maternas (hipertensi\u00f3n, diabetes, trombofilias&#8230;); fetales (infecciosas, malformaci\u00f3n y alteraciones gen\u00e9ticas) y accidentes de cord\u00f3n.<\/p>\n<p>Una vez que ha ocurrido la muerte fetal\/\u00f3bito fetal es fundamental aplicar una serie de estudios maternos, placentarios y fetales en busca de las posibles causas.<\/p>\n<h2>7. Restricci\u00f3n de crecimiento fetal<\/h2>\n<p>Es la condici\u00f3n en que el feto se encuentra creciendo bajo lo esperado para una determinada edad gestacional, o cuando el peso del beb\u00e9 se encuentra menor al percentil 10.<\/p>\n<p>Puede ser referido a causas sim\u00e9tricas asim\u00e9tricas, lo que significa el bajo crecimiento respecto de las proporciones corporales.<\/p>\n<p>Se controla a trav\u00e9s de las ecograf\u00edas doppler y la vigilancia peri\u00f3dica de su m\u00e9dico tratante. podr\u00eda requerir una hospitalizaci\u00f3n de la madre para realizar seguimiento continuo.<\/p>\n<!-- AddThis Advanced Settings generic via filter on the_content --><!-- AddThis Share Buttons generic via filter on the_content -->","protected":false},"excerpt":{"rendered":"<p>Si bien el embarazo y el parto son acontecimientos biol\u00f3gicamente normales para toda mujer, existen ciertas condiciones que podr\u00edan convertir un embarazo normal en uno de mayor complejidad, tanto para la madre como para el beb\u00e9. Afortunadamente estos problemas no son muy frecuentes y no afectan a m\u00e1s del 10% del total de los embarazos.<\/p>\n<div class=\"more-link\">\n\t\t\t\t <a href=\"http:\/\/www.germain.cl\/?page_id=6\" class=\"link-btn theme-btn\"><span>Read More <\/span> <i class=\"fa fa-caret-right\"><\/i><\/a>\n\t\t\t<\/div>\n<p><!-- AddThis Advanced Settings generic via filter on get_the_excerpt --><!-- AddThis Share Buttons generic via filter on get_the_excerpt --><\/p>\n","protected":false},"author":4,"featured_media":0,"parent":0,"menu_order":0,"comment_status":"open","ping_status":"closed","template":"","meta":{"jetpack_post_was_ever_published":false,"footnotes":""},"class_list":["post-6","page","type-page","status-publish","hentry"],"jetpack_sharing_enabled":true,"jetpack_shortlink":"https:\/\/wp.me\/P25f0v-6","_links":{"self":[{"href":"http:\/\/www.germain.cl\/index.php?rest_route=\/wp\/v2\/pages\/6"}],"collection":[{"href":"http:\/\/www.germain.cl\/index.php?rest_route=\/wp\/v2\/pages"}],"about":[{"href":"http:\/\/www.germain.cl\/index.php?rest_route=\/wp\/v2\/types\/page"}],"author":[{"embeddable":true,"href":"http:\/\/www.germain.cl\/index.php?rest_route=\/wp\/v2\/users\/4"}],"replies":[{"embeddable":true,"href":"http:\/\/www.germain.cl\/index.php?rest_route=%2Fwp%2Fv2%2Fcomments&post=6"}],"version-history":[{"count":13,"href":"http:\/\/www.germain.cl\/index.php?rest_route=\/wp\/v2\/pages\/6\/revisions"}],"predecessor-version":[{"id":62,"href":"http:\/\/www.germain.cl\/index.php?rest_route=\/wp\/v2\/pages\/6\/revisions\/62"}],"wp:attachment":[{"href":"http:\/\/www.germain.cl\/index.php?rest_route=%2Fwp%2Fv2%2Fmedia&parent=6"}],"curies":[{"name":"wp","href":"https:\/\/api.w.org\/{rel}","templated":true}]}}